{"id":199,"date":"2020-11-01T14:31:08","date_gmt":"2020-11-01T14:31:08","guid":{"rendered":"http:\/\/blaskapelle-ovenhausen.de\/?page_id=199"},"modified":"2024-01-05T19:58:02","modified_gmt":"2024-01-05T18:58:02","slug":"ausbildung","status":"publish","type":"page","link":"https:\/\/blaskapelle-ovenhausen.de\/?page_id=199","title":{"rendered":"Ausbildung"},"content":{"rendered":"\n<p><strong>&#8222;Wie gerne w\u00fcrde ich auch ein Instrument spielen k\u00f6nnen&#8230;!&#8220;<\/strong><br>Na, haben Sie sich bei diesem wehm\u00fctigen&nbsp;Gedanken auch schon einmal ertappt?! Um diesen Wunsch zu erf\u00fcllen, bietet sich die Blaskapelle Ovenhausen seit nunmehr \u00fcber 25 Jahren als ein verl\u00e4sslicher Partner an. Unter dem Dach unseres musiktreibenden Vereins haben schon etliche Kinder, Jugendliche und Erwachsene ein musikalisches Zuhause und eine wunderbare Erf\u00fcllung erfahren.<\/p>\n\n\n\n<p><strong>Die Musikausbildung:<\/strong><br>Die Blaskapelle Ovenhausen bietet musikinteressierten Kindern und Jugendlichen die M\u00f6glichkeit an, in einer funktionieren und lebendigen Gemeinschaft musisch&nbsp;aktiv zu werden und&nbsp;ein Instrument zu erlernen. Folgende Instrumente k\u00f6nnen dabei grunds\u00e4tzlich erlernt werden:Trompete\/ Fl\u00fcgelhorn Tenorhorn, Tuba, Posaune, Klarinette, Fl\u00f6te, Schlagwerk<\/p>\n\n\n\n<p><strong>Der musikalische Werdegang:<\/strong><br>Alles beginnt im Kleinen: Die ersten musikalischen Gehversuche werden &#8211; je nach Anzahl und Alter der &#8222;Mitsch\u00fcler&#8220; &#8211; im Einzelunterricht oder in kleinen Gruppen organisiert. Durch den Einsatz eigener Musiker in der Ausbildung bzw. Bezuschussung des Musikschulunterrichtes bleibt die finanzielle Belastung f\u00fcr die Eltern \u00fcberschau- und tragbar.<br>Nach etwa zwei bis drei Jahren werden jene Sch\u00fclerinnen und Sch\u00fcler, die in etwa den gleichen Ausbildungsstand haben, in kleinen Ensembles zusammengefasst.<strong> Die Teilnahme an diesem Jugendorchester ist kostenfrei.<\/strong> Auch die Kurskosten des Volksmusikerbund-Leistungsabzeichens in Bronze und Silber (ersteres ist Voraussetzung f\u00fcr die Mitgliedschaft) \u00fcbernimmt die Blaskapelle Ovenhausen. Am Schluss der Ausbildung steht das Musizieren im gro\u00dfen Orchester. Letztendlich entscheidet der Dirigent \u00fcber den Eintritt in das Stammorchester.<\/p>\n\n\n\n<p><strong>Eintrittsalter:<br><\/strong>Der Sch\u00fcler sollte grunds\u00e4tzlich 8-10 Jahre alt sein (3.\/4.Schuljahr). Letztlich spielt das Alter aber keine Rolle: Auch Erwachsenen bieten wir eine musikalische Ausbildung an!<\/p>\n\n\n\n<p><strong>Unterrichtsstunden:<br><\/strong>Der Unterricht findet zum Teil durch interne oder externe Ausbilderinnen und Ausbilder sowie durch \u00f6rtliche Musikschulen statt. Bei Unterricht au\u00dferhalb Ovenhausens organisieren die Eltern die Fahrten. Anf\u00e4nglicher Unterricht in kleinen Gruppen hat sich als sinnvoll herausgestellt, um Fahrtkosten zu sparen und die Motivation zu f\u00f6rdern.<\/p>\n\n\n\n<p><strong>Instrumente:<br><\/strong>Bei der Beschaffung von Instrumenten ist die Blaskapelle Ovenhausen den Eltern mit (kostenlosem) Rat vom Fachmann behilflich. Der sp\u00e4ter angestrebte Besitz eines eigenen Instrumentes kann durch die Blaskapelle Ovenhausen durch anf\u00e4nglichen Mietkauf unterst\u00fctzt werden. Eine anf\u00e4ngliche Miete wird so auf den sp\u00e4teren Kauf angerechnet.<br>Leider k\u00f6nnen wir den Kindern nicht in jedem Fall die Ausbildung an einem Wunschinstrument erf\u00fcllen, da die Blaskapelle Ovenhausen letztlich auch auf konkreten Bedarf an Instrumenten achten muss.&nbsp;Dennoch muss kein Kind traurig sein, wenn es nicht unbedingt die 1. Trompete spielen darf, denn jede Instrumentengruppe hat Ihren eigenen Reiz und ist f\u00fcr ein Orchester ebenso wichtig wie jedes andere.<\/p>\n\n\n\n<p><strong>Unterrichtskosten:<br><\/strong>Die Unterrichtskosten orientieren sich an der Geb\u00fchrenordnung der Musikschule H\u00f6xter, werden aber von der Blaskapelle Ovenhausen bezuschusst.<\/p>\n\n\n\n<p><strong>Uniformteile:<\/strong><br>Nach Aufnahme in das Orchester&nbsp;werden die Musikerinnen und der Musiker auch optisch in die Blaskapelle Ovenhausen aufgenommen: Trachtenjacke, Weste, Krawatte und wei\u00dfe Trachtenstr\u00fcmpfe werden von der Blaskapelle Ovenhausen komplett aus der Vereinskasse bezahlt.<br>Au\u00dferdem zahlt die Blaskapelle einen Zuschuss f\u00fcr schwarze, seitengeschn\u00fcrte Trachtenschuhe sowie eine Lederhose, Dirndl, usw. die f\u00fcr gew\u00f6hnlich ein Musikerleben halten. Diese Kleidungsst\u00fccke k\u00f6nnen nat\u00fcrlich auch&nbsp;im Verein ertauscht werden.<br>Allerdings tr\u00e4gt die Blaskapelle Ovenhausen keine Kosten f\u00fcr Hosen und Schuhe f\u00fcr Nachwuchsmusikerinnen und -musiker, die &nbsp;sich noch im \u201cWachstum\u201c befinden.<\/p>\n\n\n\n<p><strong>Ansprechpartnerin f\u00fcr den Start in eine musikalische Zukunft:<\/strong><\/p>\n\n\n\n<p><strong><em>2. Kapellmeisterin Regina Engel, Leitung Jugendorchester<\/em><\/strong><strong><em><br><\/em><\/strong><\/p>\n","protected":false},"excerpt":{"rendered":"<p>&#8222;Wie gerne w\u00fcrde ich auch ein Instrument spielen k\u00f6nnen&#8230;!&#8220;Na, haben Sie sich bei diesem wehm\u00fctigen&nbsp;Gedanken auch schon einmal ertappt?! Um diesen Wunsch zu erf\u00fcllen, bietet sich die Blaskapelle Ovenhausen seit nunmehr \u00fcber 25 Jahren als ein verl\u00e4sslicher Partner an. Unter&hellip; <\/p>\n","protected":false},"author":1,"featured_media":0,"parent":0,"menu_order":0,"comment_status":"closed","ping_status":"closed","template":"","meta":{"footnotes":""},"class_list":["post-199","page","type-page","status-publish","hentry"],"_links":{"self":[{"href":"https:\/\/blaskapelle-ovenhausen.de\/index.php?rest_route=\/wp\/v2\/pages\/199","targetHints":{"allow":["GET"]}}],"collection":[{"href":"https:\/\/blaskapelle-ovenhausen.de\/index.php?rest_route=\/wp\/v2\/pages"}],"about":[{"href":"https:\/\/blaskapelle-ovenhausen.de\/index.php?rest_route=\/wp\/v2\/types\/page"}],"author":[{"embeddable":true,"href":"https:\/\/blaskapelle-ovenhausen.de\/index.php?rest_route=\/wp\/v2\/users\/1"}],"replies":[{"embeddable":true,"href":"https:\/\/blaskapelle-ovenhausen.de\/index.php?rest_route=%2Fwp%2Fv2%2Fcomments&post=199"}],"version-history":[{"count":10,"href":"https:\/\/blaskapelle-ovenhausen.de\/index.php?rest_route=\/wp\/v2\/pages\/199\/revisions"}],"predecessor-version":[{"id":648,"href":"https:\/\/blaskapelle-ovenhausen.de\/index.php?rest_route=\/wp\/v2\/pages\/199\/revisions\/648"}],"wp:attachment":[{"href":"https:\/\/blaskapelle-ovenhausen.de\/index.php?rest_route=%2Fwp%2Fv2%2Fmedia&parent=199"}],"curies":[{"name":"wp","href":"https:\/\/api.w.org\/{rel}","templated":true}]}}