{"id":485,"date":"2020-11-22T15:58:09","date_gmt":"2020-11-22T14:58:09","guid":{"rendered":"http:\/\/blaskapelle-ovenhausen.de\/?page_id=485"},"modified":"2024-12-27T19:17:22","modified_gmt":"2024-12-27T18:17:22","slug":"chronik","status":"publish","type":"page","link":"https:\/\/blaskapelle-ovenhausen.de\/?page_id=485","title":{"rendered":"Chronik"},"content":{"rendered":"\n<p>Ein erfolgreiches und f\u00fcr die Zukunft vielversprechendes Vereinsleben hat sich seit dem 3. September 1981 entwickelt, als die damals noch in die &#8222;Ovenh\u00e4user Musikanten&#8220; eingegliederten, jugendlichen Nachwuchsmusiker ihre eigene Vereinsidee verwirklichen wollten und den zweiten Musikverein der Ortschaft, die &#8222;Blaskapelle Ovenhausen&#8220; gr\u00fcndeten.<br><br>Andreas Pollmann war der erste junge Musiker, der auf Initiative von J\u00fcrgen Engel im Juli 1979 einige Instrumente ausprobieren durfte, um anschlie\u00dfend mit der Ausbildung auf dem Fl\u00fcgelhorn zu beginnen. Einen Monat sp\u00e4ter, im August 1979, stie\u00dfen Ansgar Engel, Heinz Janowitz und Dieter Le\u00dfmann hinzu, denen Erwin und J\u00fcrgen Engel die ersten &#8222;Fl\u00f6tent\u00f6ne&#8220; beibrachten. Schnell erweiterte sich der Kreis bis zum darauffolgenden Januar 1980 um Michael Janowitz, Elmar Ma\u00dfmann, Stefan Kremeier, Thomas Gottlob, Michael Wiegers, Franz-Josef Kleine und Alfons Klocke, als Ausbilder kamen noch Friedhelm Rode und Heinrich Engel hinzu. Das Jahr 1980 wurde noch mit dem Studium der Instrumente und der Noten verbracht, 1981 traten die Nachwuchsmusiker aber schon anl\u00e4\u00dflich einiger St\u00e4ndchen und Prozessionen auf. Aus vielerlei Gr\u00fcnden entwickelten sich aber beide Gruppen nach einiger Zeit immer mehr auseinander: Die Gr\u00fcndung der Blaskapelle bewirkte im September 1981 dann auch die offizielle Trennung in zwei bis heute eigenst\u00e4ndige Vereine, und das junge Projekt &#8222;Blaskapelle&#8220; stand nun auf eigenen Beinen.<br><br>J\u00fcrgen Engel &#8211; sp\u00e4ter langj\u00e4hriger Vorsitzender &#8211; war es aus den Reihen der &#8222;Ovenh\u00e4user Musikanten&#8220;, der sich seit den ersten \u00dcbungseinheiten und den Anf\u00e4ngen voll hinter die Blaskapelle stellte, ma\u00dfgeblich Aufbauarbeit leistete und heute zu den St\u00fctzen und Vorbildern des Vereins geh\u00f6rt. Thomas Gottlob wurde w\u00e4hrend der Gr\u00fcndungsversammlung zum ersten Vorsitzenden, Heinz Janowitz zum Kapellmeister gew\u00e4hlt.<br><br>Am 28. Februar 1982 hatte der Verein 16 aktive Mitglieder in seinen Reihen, bevor 1983 das eigene Ovenh\u00e4user Sch\u00fctzenfest als erster gro\u00dfer Auftritt absolviert wurde.<br><br>Mitte der 80-er Jahre startete der Verein eine erste Ausbildungsoffensive: 1984 stie\u00dfen Christian, Volker und Holger Engel sowie Christoph Gottlob hinzu, ein Jahr sp\u00e4ter Kai Hasenbein und Elmar Pollmann. Obwohl Elmar Pollmann und Christoph Gottlob sich aus dem aktiven Vereinsleben zur\u00fcckgezogen haben, leistete jeder der genannten meist \u00fcber mehrere Jahre ma\u00dfgebliche Vorstandsarbeit &#8211; Christian, Volker und Holger Engel bis zum heutigen Tag. Fast alle lie\u00dfen sich schon mit weniger als 20 Jahren f\u00fcr die verantwortungsvolle T\u00e4tigkeit gewinnen.<br><br>Mit der wachsenden Orchesterst\u00e4rke und einer sich immer weiter verbessernden musikalischen Ausbildung reifte der Verein nach und nach zum ernstzunehmenden Mitspieler im gro\u00dfen Konzert der musiktreibenden Vereine der Region. Die Auftritte wurden gr\u00f6\u00dfer (Sch\u00fctzen- und Volksfeste \/ Unterhaltungsabende mit Showeinlagen), die Auftrittsorte entfernter (Essen, Hollwede, Scharmede, u.v.m.), das Repertoire anspruchsvoller.<br><br>Nach und nach spezialisierte sich die Blaskapelle Ovenhausen &#8211; ebenso wie die &#8222;Ovenh\u00e4user Musikanten&#8220; &#8211; auf die m\u00f6glichst originalgetreue Imitation bayerischer und b\u00f6hmischer Blasmusik. Dies geschah zun\u00e4chst durch die entsprechende Kleidung mit Trachtenjacke und Kniebundhose, im vergangenen Jahrzehnt aber auch verst\u00e4rkt durch ein entsprechendes Noten- und Showprogramm:<br><br>Kein urtypischer Auftritt der Blaskapelle ist mittlerweile ohne L\u00f6ffelpolka und Holzs\u00e4gen denkbar; auf keinem Konzert fehlen die Stimmen unseres Gesangsduos Michael Wiegers und Alfons Klocke. Eine Investition an \u00dcbungsflei\u00df, die sich gelohnt hat. L\u00e4ngst tourt die Blaskapelle Ovenhausen nicht mehr nur durch die heimischen Gefilde um die Kreisstadt H\u00f6xter: Viele Freunde in weiter Ferne sch\u00e4tzen die Ovenhausener Blasmusik, und sogar im spanischen Calella (Barcelona) erk\u00e4mpfte man sich bei einem musikalischen Wettstreit einen der vordersten Pl\u00e4tze.<br><strong><br>Die Vorsitzenden der Blaskapelle Ovenhausen:<br><\/strong><br>Thomas Gottlob (1982-1985)<br>Rainer W\u00f6stefeld (1985-1986)<br>Elmar Ma\u00dfmann (1986-1987)<br>Michael Janowitz (1987-1989)<br>J\u00fcrgen Engel (1989-1995)<br>Michael Wiegers (1995-1998)<br>Holger Engel (1998-2001)<br>Thomas Dietrich (2001-2002)<br>Alfons Klocke (2002-2005)<br>Holger Engel (2005-2010)<br>Thorsten Dohmann (2010-2019)<br>Andreas Otto (2019-2023)<br>Simon W\u00f6stefeld (seit 2023)<br><br><strong>Die Kapellmeister der Blaskapelle Ovenhausen:<\/strong><br><br>Heinz Janowitz (1982-1987)<br>Thomas Gottlob (1987-1989)<br>Christoph Gottlob (1989-1993)<br>Holger Engel (1993-1995)<br>Volker Engel (1995-1997)<br>Matthias Kamp (1997-1999)<br>Volker Engel (seit 1999)<\/p>\n","protected":false},"excerpt":{"rendered":"<p>Ein erfolgreiches und f\u00fcr die Zukunft vielversprechendes Vereinsleben hat sich seit dem 3. September 1981 entwickelt, als die damals noch in die &#8222;Ovenh\u00e4user Musikanten&#8220; eingegliederten, jugendlichen Nachwuchsmusiker ihre eigene Vereinsidee verwirklichen wollten und den zweiten Musikverein der Ortschaft, die &#8222;Blaskapelle&hellip; <\/p>\n","protected":false},"author":1,"featured_media":0,"parent":0,"menu_order":0,"comment_status":"closed","ping_status":"closed","template":"","meta":{"footnotes":""},"class_list":["post-485","page","type-page","status-publish","hentry"],"_links":{"self":[{"href":"https:\/\/blaskapelle-ovenhausen.de\/index.php?rest_route=\/wp\/v2\/pages\/485","targetHints":{"allow":["GET"]}}],"collection":[{"href":"https:\/\/blaskapelle-ovenhausen.de\/index.php?rest_route=\/wp\/v2\/pages"}],"about":[{"href":"https:\/\/blaskapelle-ovenhausen.de\/index.php?rest_route=\/wp\/v2\/types\/page"}],"author":[{"embeddable":true,"href":"https:\/\/blaskapelle-ovenhausen.de\/index.php?rest_route=\/wp\/v2\/users\/1"}],"replies":[{"embeddable":true,"href":"https:\/\/blaskapelle-ovenhausen.de\/index.php?rest_route=%2Fwp%2Fv2%2Fcomments&post=485"}],"version-history":[{"count":3,"href":"https:\/\/blaskapelle-ovenhausen.de\/index.php?rest_route=\/wp\/v2\/pages\/485\/revisions"}],"predecessor-version":[{"id":658,"href":"https:\/\/blaskapelle-ovenhausen.de\/index.php?rest_route=\/wp\/v2\/pages\/485\/revisions\/658"}],"wp:attachment":[{"href":"https:\/\/blaskapelle-ovenhausen.de\/index.php?rest_route=%2Fwp%2Fv2%2Fmedia&parent=485"}],"curies":[{"name":"wp","href":"https:\/\/api.w.org\/{rel}","templated":true}]}}