{"id":5,"date":"2020-10-31T13:56:42","date_gmt":"2020-10-31T13:56:42","guid":{"rendered":"http:\/\/blaskapelle-ovenhausen.de\/?page_id=5"},"modified":"2020-12-02T21:06:02","modified_gmt":"2020-12-02T20:06:02","slug":"verein","status":"publish","type":"page","link":"https:\/\/blaskapelle-ovenhausen.de\/?page_id=5","title":{"rendered":"Verein"},"content":{"rendered":"\n<p>Ob sanfte Melodien, moderne Rhythmen oder z\u00fcnftige Egerl\u00e4nder Blasmusik: Die Blaskapelle Ovenhausen e. V. ist ein Verein mit vielen Facetten. Seit 1981 bereichert der Verein mit seinen engagierten Musikerinnen und Musikern das Leben im Dorf und der Region durch traditionelle Marschmusik bis hin zu stimmungsvollen B\u00fchnenshows. Das allj\u00e4hrliche Fr\u00fchlingfest sowie das Weihnachtskonzert laden regelm\u00e4\u00dfig die Musikfreunde von nah und fern zum Zuh\u00f6ren und Genie\u00dfen ein.<\/p>\n\n\n\n<p>Unsere \u201eMusik dr\u00fcckt das aus, was nicht gesagt werden kann und wor\u00fcber zu schweigen unm\u00f6glich ist!\u201c (Victor Hugo)<\/p>\n\n\n\n<p><\/p>\n\n\n\n<h2 class=\"wp-block-heading\">Unser Repertoire<\/h2>\n\n\n\n<p>&#8211; Sch\u00fctzen &#8211; und Volksfeste<br>&#8211; eigenes Fr\u00fchlingskonzert<br>&#8211; eigenes Weihnachtskonzert<br>&#8211; \u00f6rtliche Prozessionen und kirchliche Veranstaltungen<br>&#8211; Karneval<\/p>\n\n\n\n<p><\/p>\n\n\n\n<p>Die Blaskapelle Ovenhausen e.V. ist Mitglied im Volksmusikerbund NRW (Kreisverband H\u00f6xter)<\/p>\n\n\n\n<p><\/p>\n\n\n\n<h2 class=\"wp-block-heading\">Eindr\u00fccke<\/h2>\n\n\n\n<figure class=\"wp-block-embed-youtube wp-block-embed is-type-video is-provider-youtube wp-embed-aspect-16-9 wp-has-aspect-ratio\"><div class=\"wp-block-embed__wrapper\">\n<iframe loading=\"lazy\" title=\"Blaskapelle Ovenhausen e.V.  - Sommerfest am  21. \u2013 23.Juli 2018\" width=\"700\" height=\"394\" src=\"https:\/\/www.youtube.com\/embed\/JIfoOlS-kKg?feature=oembed\" frameborder=\"0\" allow=\"accelerometer; autoplay; clipboard-write; encrypted-media; gyroscope; picture-in-picture\" allowfullscreen><\/iframe>\n<\/div><figcaption>Sommerfest 2018<\/figcaption><\/figure>\n\n\n\n<hr class=\"wp-block-separator is-style-default\"\/>\n\n\n\n<figure class=\"wp-block-embed-youtube wp-block-embed is-type-video is-provider-youtube wp-embed-aspect-4-3 wp-has-aspect-ratio\"><div class=\"wp-block-embed__wrapper\">\n<iframe loading=\"lazy\" title=\"H\u00f6xter Sch\u00fctzenfest 2012\" width=\"700\" height=\"525\" src=\"https:\/\/www.youtube.com\/embed\/irQYCHz32iI?feature=oembed\" frameborder=\"0\" allow=\"accelerometer; autoplay; clipboard-write; encrypted-media; gyroscope; picture-in-picture\" allowfullscreen><\/iframe>\n<\/div><figcaption>Sch\u00fctzenfest in H\u00f6xter 2012<\/figcaption><\/figure>\n\n\n\n<hr class=\"wp-block-separator\"\/>\n\n\n\n<h3 class=\"wp-block-heading\">Gro\u00dfes Musikfest zum 30j\u00e4hrigen Jubil\u00e4um<\/h3>\n\n\n\n<figure class=\"wp-block-embed-youtube wp-block-embed is-type-video is-provider-youtube wp-embed-aspect-16-9 wp-has-aspect-ratio\"><div class=\"wp-block-embed__wrapper\">\n<iframe loading=\"lazy\" title=\"Musikfest Ovenhausen 2012  &quot;DIE FLIPPERS&quot;\" width=\"700\" height=\"394\" src=\"https:\/\/www.youtube.com\/embed\/7rQ-ax_d6l0?feature=oembed\" frameborder=\"0\" allow=\"accelerometer; autoplay; clipboard-write; encrypted-media; gyroscope; picture-in-picture\" allowfullscreen><\/iframe>\n<\/div><\/figure>\n\n\n\n<figure class=\"wp-block-embed-youtube wp-block-embed is-type-video is-provider-youtube wp-embed-aspect-16-9 wp-has-aspect-ratio\"><div class=\"wp-block-embed__wrapper\">\n<iframe loading=\"lazy\" title=\"Musikfest Ovenhausen 2012 &quot;Das Finale\/ Sierra Madre&quot;\" width=\"700\" height=\"394\" src=\"https:\/\/www.youtube.com\/embed\/vuQaalSf6yU?feature=oembed\" frameborder=\"0\" allow=\"accelerometer; autoplay; clipboard-write; encrypted-media; gyroscope; picture-in-picture\" allowfullscreen><\/iframe>\n<\/div><\/figure>\n\n\n\n<hr class=\"wp-block-separator\"\/>\n\n\n\n<figure class=\"wp-block-embed-youtube wp-block-embed is-type-video is-provider-youtube wp-embed-aspect-4-3 wp-has-aspect-ratio\"><div class=\"wp-block-embed__wrapper\">\n<iframe loading=\"lazy\" title=\"Hollwede Sch\u00fctzenfest 2009 - Fliegerlied am Sonntag\" width=\"700\" height=\"525\" src=\"https:\/\/www.youtube.com\/embed\/9U0Lj_UvRFY?feature=oembed\" frameborder=\"0\" allow=\"accelerometer; autoplay; clipboard-write; encrypted-media; gyroscope; picture-in-picture\" allowfullscreen><\/iframe>\n<\/div><figcaption>Sch\u00fctzenfest in Hollwede 2009<\/figcaption><\/figure>\n\n\n\n<hr class=\"wp-block-separator\"\/>\n\n\n\n<figure class=\"wp-block-embed-youtube wp-block-embed is-type-video is-provider-youtube wp-embed-aspect-16-9 wp-has-aspect-ratio\"><div class=\"wp-block-embed__wrapper\">\n<iframe loading=\"lazy\" title=\"Bozner Bergsteigermarsch\" width=\"700\" height=\"394\" src=\"https:\/\/www.youtube.com\/embed\/OIRWImdr0GI?feature=oembed\" frameborder=\"0\" allow=\"accelerometer; autoplay; clipboard-write; encrypted-media; gyroscope; picture-in-picture\" allowfullscreen><\/iframe>\n<\/div><figcaption>Aufnahme aus dem Jahr 2009<\/figcaption><\/figure>\n","protected":false},"excerpt":{"rendered":"<p>Ob sanfte Melodien, moderne Rhythmen oder z\u00fcnftige Egerl\u00e4nder Blasmusik: Die Blaskapelle Ovenhausen e. V. ist ein Verein mit vielen Facetten. Seit 1981 bereichert der Verein mit seinen engagierten Musikerinnen und Musikern das Leben im Dorf und der Region durch traditionelle&hellip; <\/p>\n","protected":false},"author":1,"featured_media":0,"parent":0,"menu_order":0,"comment_status":"closed","ping_status":"closed","template":"","meta":{"footnotes":""},"class_list":["post-5","page","type-page","status-publish","hentry"],"_links":{"self":[{"href":"https:\/\/blaskapelle-ovenhausen.de\/index.php?rest_route=\/wp\/v2\/pages\/5","targetHints":{"allow":["GET"]}}],"collection":[{"href":"https:\/\/blaskapelle-ovenhausen.de\/index.php?rest_route=\/wp\/v2\/pages"}],"about":[{"href":"https:\/\/blaskapelle-ovenhausen.de\/index.php?rest_route=\/wp\/v2\/types\/page"}],"author":[{"embeddable":true,"href":"https:\/\/blaskapelle-ovenhausen.de\/index.php?rest_route=\/wp\/v2\/users\/1"}],"replies":[{"embeddable":true,"href":"https:\/\/blaskapelle-ovenhausen.de\/index.php?rest_route=%2Fwp%2Fv2%2Fcomments&post=5"}],"version-history":[{"count":18,"href":"https:\/\/blaskapelle-ovenhausen.de\/index.php?rest_route=\/wp\/v2\/pages\/5\/revisions"}],"predecessor-version":[{"id":545,"href":"https:\/\/blaskapelle-ovenhausen.de\/index.php?rest_route=\/wp\/v2\/pages\/5\/revisions\/545"}],"wp:attachment":[{"href":"https:\/\/blaskapelle-ovenhausen.de\/index.php?rest_route=%2Fwp%2Fv2%2Fmedia&parent=5"}],"curies":[{"name":"wp","href":"https:\/\/api.w.org\/{rel}","templated":true}]}}